{"id":2876,"date":"2018-10-10T09:58:02","date_gmt":"2018-10-10T09:58:02","guid":{"rendered":"https:\/\/www.fondobeta.it\/opa-fondo-beta\/"},"modified":"2018-10-10T16:19:53","modified_gmt":"2018-10-10T16:19:53","slug":"opa-fondo-beta","status":"publish","type":"page","link":"https:\/\/www.fondobeta.it\/en\/governance\/opa-fondo-beta\/","title":{"rendered":"OPA fondo Beta"},"content":{"rendered":"<p><strong>Avvertenze<\/strong><br \/>\nChrysalis S.p.A. (l\u2019\u201cOfferente\u201d) ha promosso un\u2019offerta pubblica di acquisto volontaria (l\u2019\u201cOfferta\u201d) avente ad oggetto tutte le n. 268.474 quote del fondo comune di investimento immobiliare di tipo chiuso \u201cBeta Immobiliare \u2013 Fondo Comune di Investimento Immobiliare di tipo Chiuso\u201d (il \u201cFondo\u201d), istituito e gestito da FIMIT SGR \u2013 Fondi Immobiliari Italiani Societ\u00e0 di Gestione del Risparmio S.p.A. (la \u201cSGR\u201d).<\/p>\n<p>La SGR, per facilitare l\u2019accesso dei partecipanti al Fondo alla documentazione informativa concernente l\u2019Offerta, mette a disposizione nella presente sezione il materiale relativo all\u2019Offerta stessa.<\/p>\n<p>Al riguardo si segnala quanto segue:<\/p>\n<p>A) la pubblicazione nel sito della SGR o del Fondo dei documenti concernenti l\u2019Offerta non costituisce in alcun modo una sollecitazione ad aderire all\u2019Offerta da parte della SGR. La SGR ha espresso le sue valutazioni in merito all\u2019Offerta nel comunicato, cui si fa completo rimando, approvato in data 8 agosto 2007 dal Consiglio di Amministrazione, ex articoli 103, comma 3, TUF e 39 Reg. CONSOB n. 11971\/1999, pubblicato nel sito ed in appendice al documento d\u2019offerta. Resta fermo che i partecipanti al Fondo dovranno assumere autonomamente la decisione in merito alla eventuale convenienza dell\u2019Offerta anche alla luce della propria situazione finanziaria e dei propri obiettivi di investimento;<\/p>\n<p>B) I documenti concernenti l\u2019Offerente o l\u2019Offerta, fatti salvi quelli approvati dalla SGR, disponibili su questo sito in formato elettronico sono stati messi a disposizione dall\u2019Offerente e la SGR non ha verificato l\u2019originalit\u00e0 o la completezza degli stessi. Pertanto, la SGR non assume alcuna responsabilit\u00e0 per le eventuali differenze tra i documenti disponibili in formato elettronico su questo sito Internet e qualsiasi altra copia cartacea dei medesimi altrimenti disponibile.<\/p>\n<p>C) L\u2019Offerente ha precisato che l\u2019Offerta \u00e8 promossa esclusivamente sul mercato italiano, unico mercato nel quale sono negoziate le quote, e che \u00e8 rivolta, indistintamente ed a parit\u00e0 di condizioni, a tutti i titolari di quote del Fondo.<\/p>\n<p>Peraltro, l\u2019adesione all\u2019Offerta da parte di soggetti residenti in Paesi diversi dall\u2019Italia pu\u00f2 essere soggetta a specifici obblighi o restrizioni previsti da disposizioni di legge o regolamentari. Al riguardo, \u00e8 esclusiva responsabilit\u00e0 dei destinatari dell\u2019Offerta verificare l\u2019esistenza e l\u2019applicabilit\u00e0 di tali disposizioni rivolgendosi a propri consulenti e conformarsi alle disposizioni stesse prima dell\u2019adesione all\u2019Offerta.<\/p>\n<p>In ogni caso, l\u2019Offerente ha precisato che l\u2019Offerta non \u00e8 diffusa negli Stati Uniti d&#8217;America, Canada, Giappone e Australia, nonch\u00e9 in qualsiasi altro Paese nel quale tale diffusione non sia consentita in assenza di autorizzazione da parte delle competenti autorit\u00e0 (gli \u201cAltri Paesi\u201d), n\u00e9 utilizzando strumenti di comunicazione o commercio internazionale (ivi inclusi, a titolo esemplificativo, la rete postale, il fax, il telex, la posta elettronica, il telefono ed Internet) degli Stati Uniti d&#8217;America, Canada, Giappone, Australia o degli Altri Paesi, n\u00e9 qualsivoglia struttura di alcuno degli intermediari finanziari degli Stati Uniti d&#8217;America, Canada, Giappone, Australia o degli Altri Paesi, n\u00e9 in alcun altro modo.<\/p>\n<p>Copia della documentazione riportata su questo sito, o di porzioni della stessa, non \u00e8 e non dovr\u00e0 essere inviata, n\u00e9 in qualsiasi modo trasmessa, o comunque distribuita, direttamente o indirettamente, negli Stati Uniti d&#8217;America o ad U.S. Person, come definiti dal U.S. Securities Act del 1933, come successivamente modificato. Copia della documentazione riportata su questo sito, o di porzioni della stessa, non \u00e8 e non dovr\u00e0, inoltre, essere inviata, n\u00e9 in qualsiasi modo trasmessa, o comunque distribuita, direttamente o indirettamente, in Canada, Giappone, Australia o negli Altri Paesi. Dalla documentazione riportata su questo sito non pu\u00f2 desumersi alcuna offerta di strumenti finanziari negli Stati Uniti d&#8217;America, Canada, Giappone, Australia o negli Altri Paesi. Nessuno strumento pu\u00f2 essere offerto o compravenduto negli Stati Uniti d&#8217;America, Canada, Giappone, Australia o negli Altri Paesi in assenza di specifica autorizzazione in conformit\u00e0 alle applicabili disposizioni della legge locale di detti Stati o degli Altri Paesi, ovvero, di deroga rispetto alle medesime disposizioni.<\/p>\n","protected":false},"excerpt":{"rendered":"<p>Avvertenze Chrysalis S.p.A. (l\u2019\u201cOfferente\u201d) ha promosso un\u2019offerta pubblica di acquisto volontaria (l\u2019\u201cOfferta\u201d) avente ad oggetto tutte le n. 268.474 quote del fondo comune di investimento immobiliare di tipo chiuso \u201cBeta Immobiliare \u2013 Fondo Comune di Investimento Immobiliare di tipo Chiuso\u201d (il \u201cFondo\u201d), istituito e gestito da FIMIT SGR \u2013 Fondi Immobiliari Italiani Societ\u00e0 di Gestione [&hellip;]<\/p>\n","protected":false},"author":2,"featured_media":0,"parent":2854,"menu_order":0,"comment_status":"closed","ping_status":"closed","template":"category.php","meta":{"_acf_changed":false,"footnotes":""},"class_list":["post-2876","page","type-page","status-publish","hentry"],"acf":[],"_links":{"self":[{"href":"https:\/\/www.fondobeta.it\/en\/wp-json\/wp\/v2\/pages\/2876","targetHints":{"allow":["GET"]}}],"collection":[{"href":"https:\/\/www.fondobeta.it\/en\/wp-json\/wp\/v2\/pages"}],"about":[{"href":"https:\/\/www.fondobeta.it\/en\/wp-json\/wp\/v2\/types\/page"}],"author":[{"embeddable":true,"href":"https:\/\/www.fondobeta.it\/en\/wp-json\/wp\/v2\/users\/2"}],"replies":[{"embeddable":true,"href":"https:\/\/www.fondobeta.it\/en\/wp-json\/wp\/v2\/comments?post=2876"}],"version-history":[{"count":0,"href":"https:\/\/www.fondobeta.it\/en\/wp-json\/wp\/v2\/pages\/2876\/revisions"}],"up":[{"embeddable":true,"href":"https:\/\/www.fondobeta.it\/en\/wp-json\/wp\/v2\/pages\/2854"}],"wp:attachment":[{"href":"https:\/\/www.fondobeta.it\/en\/wp-json\/wp\/v2\/media?parent=2876"}],"curies":[{"name":"wp","href":"https:\/\/api.w.org\/{rel}","templated":true}]}}